{"id":1091515,"date":"2026-04-10T08:00:30","date_gmt":"2026-04-10T08:00:30","guid":{"rendered":"https:\/\/mshperu.org\/?post_type=product&#038;p=1091515"},"modified":"2026-04-10T08:00:30","modified_gmt":"2026-04-10T08:00:30","slug":"colchon-antiescaras","status":"publish","type":"product","link":"https:\/\/mshperu.org\/en\/tienda-solidaria\/otros-productos\/colchon-antiescaras\/","title":{"rendered":"Colch\u00f3n antiescaras"},"content":{"rendered":"<h2>Colch\u00f3n antiescaras<\/h2>\n<p>El colch\u00f3n antiescaras es un apoyo dise\u00f1ado para contribuir a la prevenci\u00f3n de lesiones por presi\u00f3n en personas que permanecen largos periodos en reposo o con movilidad reducida. Su uso favorece una mejor distribuci\u00f3n del peso corporal y ayuda a brindar mayor comodidad durante el descanso.<\/p>\n<h2>Caracter\u00edsticas generales<\/h2>\n<ul>\n<li>Fabricado con materiales de f\u00e1cil limpieza y mantenimiento.<\/li>\n<li>Dise\u00f1ado para favorecer una mejor distribuci\u00f3n del peso corporal.<\/li>\n<li>Puede incluir sistema de alivio de presi\u00f3n, seg\u00fan el modelo disponible.<\/li>\n<li>Superficie pensada para brindar mayor comodidad y apoyo en el descanso.<\/li>\n<\/ul>\n<p>Este producto forma parte de nuestra tienda solidaria, una iniciativa orientada a acercar apoyos que contribuyen al bienestar y a una mejor calidad de vida. Si deseas m\u00e1s informaci\u00f3n sobre disponibilidad, caracter\u00edsticas o proceso de entrega, cont\u00e1ctanos.<\/p>\n<p>Tambi\u00e9n puedes conocer otros productos de apoyo disponibles en nuestra <a href=\"\/tienda-solidaria\/\">Tienda solidaria<\/a>.<\/p>\n","protected":false},"excerpt":{"rendered":"<p>Colch\u00f3n antiescaras dise\u00f1ado para contribuir a la prevenci\u00f3n de lesiones por presi\u00f3n y brindar mayor comodidad a personas con movilidad reducida o en reposo prolongado.<\/p>\n","protected":false},"featured_media":1091228,"comment_status":"closed","ping_status":"closed","template":"","meta":{"_et_pb_use_builder":"","_et_pb_old_content":"","_et_gb_content_width":""},"product_brand":[],"product_cat":[28],"product_tag":[91,88,90,89,69],"class_list":{"0":"post-1091515","1":"product","2":"type-product","3":"status-publish","4":"has-post-thumbnail","6":"product_cat-otros-productos","7":"product_tag-apoyo-para-descanso","8":"product_tag-colchon-antiescaras","9":"product_tag-cuidado-del-paciente","10":"product_tag-prevencion-de-escaras","11":"product_tag-tienda-solidaria","13":"first","14":"instock","15":"shipping-taxable","16":"purchasable","17":"product-type-simple"},"_links":{"self":[{"href":"https:\/\/mshperu.org\/en\/wp-json\/wp\/v2\/product\/1091515","targetHints":{"allow":["GET"]}}],"collection":[{"href":"https:\/\/mshperu.org\/en\/wp-json\/wp\/v2\/product"}],"about":[{"href":"https:\/\/mshperu.org\/en\/wp-json\/wp\/v2\/types\/product"}],"replies":[{"embeddable":true,"href":"https:\/\/mshperu.org\/en\/wp-json\/wp\/v2\/comments?post=1091515"}],"wp:featuredmedia":[{"embeddable":true,"href":"https:\/\/mshperu.org\/en\/wp-json\/wp\/v2\/media\/1091228"}],"wp:attachment":[{"href":"https:\/\/mshperu.org\/en\/wp-json\/wp\/v2\/media?parent=1091515"}],"wp:term":[{"taxonomy":"product_brand","embeddable":true,"href":"https:\/\/mshperu.org\/en\/wp-json\/wp\/v2\/product_brand?post=1091515"},{"taxonomy":"product_cat","embeddable":true,"href":"https:\/\/mshperu.org\/en\/wp-json\/wp\/v2\/product_cat?post=1091515"},{"taxonomy":"product_tag","embeddable":true,"href":"https:\/\/mshperu.org\/en\/wp-json\/wp\/v2\/product_tag?post=1091515"}],"curies":[{"name":"wp","href":"https:\/\/api.w.org\/{rel}","templated":true}]}}