{"id":1091508,"date":"2026-04-10T07:33:26","date_gmt":"2026-04-10T07:33:26","guid":{"rendered":"https:\/\/mshperu.org\/?post_type=product&#038;p=1091508"},"modified":"2026-04-17T00:44:36","modified_gmt":"2026-04-17T00:44:36","slug":"andador-fijo-plegable","status":"publish","type":"product","link":"https:\/\/mshperu.org\/en\/tienda-solidaria\/andadores\/andador-fijo-plegable\/","title":{"rendered":"Andador fijo plegable"},"content":{"rendered":"<h2>Andador fijo plegable<\/h2>\n<p>El andador fijo plegable es un apoyo de movilidad dise\u00f1ado para brindar mayor estabilidad y seguridad en los desplazamientos cotidianos. Su estructura ligera y funcional facilita el uso manual y permite un mejor acompa\u00f1amiento en procesos de rehabilitaci\u00f3n o recuperaci\u00f3n.<\/p>\n<h2>Caracter\u00edsticas generales<\/h2>\n<ul>\n<li>Andador fijo de cuatro apoyos.<\/li>\n<li>Uso manual.<\/li>\n<li>Dise\u00f1o plegable con estructura en U y barra frontal.<\/li>\n<li>Uso orientado a rehabilitaci\u00f3n, personas adultas mayores y procesos postoperatorios.<\/li>\n<\/ul>\n<p>Este producto forma parte de nuestra tienda solidaria, una iniciativa orientada a acercar apoyos que contribuyen al bienestar y a una mejor calidad de vida. Si deseas m\u00e1s informaci\u00f3n sobre disponibilidad, caracter\u00edsticas o proceso de entrega, cont\u00e1ctanos.<\/p>\n<p>Tambi\u00e9n puedes conocer otros productos de apoyo disponibles en nuestra <a href=\"\/tienda-solidaria\/\">Tienda solidaria<\/a>.<\/p>\n","protected":false},"excerpt":{"rendered":"<p>Andador fijo plegable de cuatro apoyos, dise\u00f1ado para brindar mayor estabilidad y apoyo en la movilidad cotidiana y procesos de rehabilitaci\u00f3n.<\/p>\n","protected":false},"featured_media":1091224,"comment_status":"closed","ping_status":"closed","template":"","meta":{"_et_pb_use_builder":"","_et_pb_old_content":"","_et_gb_content_width":""},"product_brand":[],"product_cat":[34],"product_tag":[76,77,78,68,79,69],"class_list":{"0":"post-1091508","1":"product","2":"type-product","3":"status-publish","4":"has-post-thumbnail","6":"product_cat-andadores","7":"product_tag-andador","8":"product_tag-andador-fijo","9":"product_tag-andador-plegable","10":"product_tag-ayuda-de-movilidad","11":"product_tag-rehabilitacion","12":"product_tag-tienda-solidaria","14":"first","15":"instock","16":"shipping-taxable","17":"purchasable","18":"product-type-simple"},"_links":{"self":[{"href":"https:\/\/mshperu.org\/en\/wp-json\/wp\/v2\/product\/1091508","targetHints":{"allow":["GET"]}}],"collection":[{"href":"https:\/\/mshperu.org\/en\/wp-json\/wp\/v2\/product"}],"about":[{"href":"https:\/\/mshperu.org\/en\/wp-json\/wp\/v2\/types\/product"}],"replies":[{"embeddable":true,"href":"https:\/\/mshperu.org\/en\/wp-json\/wp\/v2\/comments?post=1091508"}],"wp:featuredmedia":[{"embeddable":true,"href":"https:\/\/mshperu.org\/en\/wp-json\/wp\/v2\/media\/1091224"}],"wp:attachment":[{"href":"https:\/\/mshperu.org\/en\/wp-json\/wp\/v2\/media?parent=1091508"}],"wp:term":[{"taxonomy":"product_brand","embeddable":true,"href":"https:\/\/mshperu.org\/en\/wp-json\/wp\/v2\/product_brand?post=1091508"},{"taxonomy":"product_cat","embeddable":true,"href":"https:\/\/mshperu.org\/en\/wp-json\/wp\/v2\/product_cat?post=1091508"},{"taxonomy":"product_tag","embeddable":true,"href":"https:\/\/mshperu.org\/en\/wp-json\/wp\/v2\/product_tag?post=1091508"}],"curies":[{"name":"wp","href":"https:\/\/api.w.org\/{rel}","templated":true}]}}