{"id":1091493,"date":"2026-04-10T06:53:43","date_gmt":"2026-04-10T06:53:43","guid":{"rendered":"https:\/\/mshperu.org\/?post_type=product&#038;p=1091493"},"modified":"2026-04-16T18:32:45","modified_gmt":"2026-04-16T18:32:45","slug":"donacion-para-lentes-de-sol-con-proteccion-uv","status":"publish","type":"product","link":"https:\/\/mshperu.org\/en\/tienda-solidaria\/donaciones\/donacion-para-lentes-de-sol-con-proteccion-uv\/","title":{"rendered":"Donaci\u00f3n para lentes de sol con protecci\u00f3n UV"},"content":{"rendered":"<p>Ayudan a proteger la vista frente a la exposici\u00f3n solar y favorecen un desenvolvimiento m\u00e1s seguro en exteriores.<\/p>\n","protected":false},"excerpt":{"rendered":"<p>Tu donaci\u00f3n permite financiar lentes de sol con protecci\u00f3n UV para una persona que necesita cuidado visual frente a la exposici\u00f3n solar. Esta ayuda t\u00e9cnica contribuye a proteger la vista y a favorecer un desenvolvimiento m\u00e1s c\u00f3modo y seguro en actividades al aire libre.<\/p>\n<div class=\"widget_wc-donation-widget\" id=\"wc_donation_on_shortcode_1091537\"><style>\n\t:root {\n\t\t--wc-bg-color: #333333;\n\t\t--wc-txt-color: #FFFFFF;\n\t}\n\n\t\t\t\t#wc_donation_on_shortcode_1091537 .price-wrapper::before {\n\t\t\t\tbackground: #333333;\n\t\t\t\tcolor: #FFFFFF\t\t\t}\n\n\t\t\t\t\t#wc_donation_on_shortcode_1091537 .wc-input-text {\n\t\t\tborder-color: #333333!important\n\t\t}\n\n\t\t#wc_donation_on_shortcode_1091537 .checkmark {\n\t\t\tborder-color: #333333!important\n\t\t}\n\t\t#wc_donation_on_shortcode_1091537 .wc-label-radio input:checked ~ .checkmark {\n\t\t\tbackground-color: #333333\t\t}\n\t\t#wc_donation_on_shortcode_1091537 .wc-label-radio .checkmark:after {\n\t\t\tborder-color: #FFFFFF!important\n\t\t}\n\t\t#wc_donation_on_shortcode_1091537 .wc-label-button {\n\t\t\tborder-color: #333333!important;\n\t\t\tcolor: #333333!important\n\t\t}\n\t\t#wc_donation_on_shortcode_1091537 label.wc-label-button.wc-active {\n\t\t\tbackground-color: #333333!important;\n\t\t\tcolor: #FFFFFF!important\n\t\t}\n\t\t#wc_donation_on_shortcode_1091537 .wc_progressBarContainer > ul > li.wc_progress div.progressbar {\n\t\t\tbackground: #333333\t\t}\n\t\t<\/style>\n<div class=\"wc-donation-in-action\" data-donation-type=\"predefined\">\n\t<div class=\"campaign-title\">\n\t\t<h4>Donaci\u00f3n de lentes de sol<\/h4>\n\t<\/div>\t\n\t<div class=\"block-campaign-thumbnail\">\n\t\t\t\t\t<img width=\"160\" height=\"160\" src=\"https:\/\/mshperu.org\/wp-content\/uploads\/DONAR-300x300.png\" class=\"attachment-160x160 size-160x160 wp-post-image\" alt=\"\" decoding=\"async\" loading=\"lazy\" \/>\t\t\t<\/div>\n\t<div class=\"in-action-elements\">\n\t\t<style>\n\t.dashicons-money-alt:before {\n\t\tfont-size: 36px !important;\n\t\tpadding-bottom: 20px !important;\n\t}\n<\/style>\n<div class=\"row1\">\n\t<h3 class=\"wc-donation-title \">\n\t\t\t\t\t<\/h3>\n\t\t\t\t<div class=\"price-wrapper before\" currency=\"S\/\">\t\t\t\t\t\t\t\n\t\t\t\t<select name=\"wc_select_price\" data-id=\"1091537_924\" class='wc-label-select select wc-input-text before' id='wc-donation-f-donation-value-924'>\n\t\t\t\t<option value=\"\">--Please select--<\/option>\n\t\t\t\t\t\t\t\t\t\t<option \n\t\t\t\t\t\t\tvalue=\"10\" \n\t\t\t\t\t\t\tdata-label=\"lentes-de-sol\"\n\t\t\t\t\t\t>\n\t\t\t\t\t\tLentes de sol<\/option>\n\t\t\t\t\t\t\t\t\t\t<\/select>\n\t\t\t\t<\/div>\n\t\t\t<input type=\"hidden\" id=\"wc-donation-price-1091537_924\" class=\"donate_1091537_924\" name=\"wc-donation-price\" value=\"\"><input type=\"hidden\" id=\"wc-donation-cause-1091537_924\" class=\"donate_cause_1091537_924\" name=\"wc-donation-cause\" value=\"\"><\/div>\n<div class=\"row2\">\n\t\t\n\n\t<input type=\"hidden\" name=\"wc_donation_camp\" id=\"wc_donation_camp_1091537_924\" class=\"wc_donation_camp\" value=\"1091537\">\n\t<input type=\"hidden\" name=\"wc_rand_id\" class=\"wp_rand\" value=\"924\">\n\t<button class=\"button wc-donation-f-submit-donation\" data-min-value=\"10\" data-max-value=\"1000000\" data-type=\"shortcode\" style=\"background-color:#333333;border-color:#333333;color:#FFFFFF;\" id='wc-donation-f-submit-donation' value='Donate'>Donate<\/button>\n\t<\/div>\n\t<\/div>\n<\/div>\n<div style=\"clear:both;height:1px;\">&nbsp;<\/div>\n<\/div>\n","protected":false},"featured_media":1091232,"comment_status":"closed","ping_status":"closed","template":"","meta":{"_et_pb_use_builder":"","_et_pb_old_content":"","_et_gb_content_width":""},"product_brand":[],"product_cat":[63],"product_tag":[],"class_list":{"0":"post-1091493","1":"product","2":"type-product","3":"status-publish","4":"has-post-thumbnail","6":"product_cat-donaciones","8":"first","9":"instock","10":"shipping-taxable","11":"purchasable","12":"product-type-simple"},"_links":{"self":[{"href":"https:\/\/mshperu.org\/en\/wp-json\/wp\/v2\/product\/1091493","targetHints":{"allow":["GET"]}}],"collection":[{"href":"https:\/\/mshperu.org\/en\/wp-json\/wp\/v2\/product"}],"about":[{"href":"https:\/\/mshperu.org\/en\/wp-json\/wp\/v2\/types\/product"}],"replies":[{"embeddable":true,"href":"https:\/\/mshperu.org\/en\/wp-json\/wp\/v2\/comments?post=1091493"}],"wp:featuredmedia":[{"embeddable":true,"href":"https:\/\/mshperu.org\/en\/wp-json\/wp\/v2\/media\/1091232"}],"wp:attachment":[{"href":"https:\/\/mshperu.org\/en\/wp-json\/wp\/v2\/media?parent=1091493"}],"wp:term":[{"taxonomy":"product_brand","embeddable":true,"href":"https:\/\/mshperu.org\/en\/wp-json\/wp\/v2\/product_brand?post=1091493"},{"taxonomy":"product_cat","embeddable":true,"href":"https:\/\/mshperu.org\/en\/wp-json\/wp\/v2\/product_cat?post=1091493"},{"taxonomy":"product_tag","embeddable":true,"href":"https:\/\/mshperu.org\/en\/wp-json\/wp\/v2\/product_tag?post=1091493"}],"curies":[{"name":"wp","href":"https:\/\/api.w.org\/{rel}","templated":true}]}}