{"id":1091492,"date":"2026-04-10T06:52:38","date_gmt":"2026-04-10T06:52:38","guid":{"rendered":"https:\/\/mshperu.org\/?post_type=product&#038;p=1091492"},"modified":"2026-04-10T06:52:38","modified_gmt":"2026-04-10T06:52:38","slug":"donacion-para-lentes-para-ver-de-cerca","status":"publish","type":"product","link":"https:\/\/mshperu.org\/en\/tienda-solidaria\/donaciones\/donacion-para-lentes-para-ver-de-cerca\/","title":{"rendered":"Donaci\u00f3n para lentes para ver de cerca"},"content":{"rendered":"<p>Tu donaci\u00f3n permite financiar lentes para ver de cerca para una persona que necesita apoyo visual en tareas del d\u00eda a d\u00eda. Esta ayuda facilita actividades como leer, escribir, coser o revisar documentos, contribuyendo a una experiencia m\u00e1s c\u00f3moda, pr\u00e1ctica y segura.<\/p>\n","protected":false},"excerpt":{"rendered":"<p>Facilitan actividades cotidianas como leer, escribir o revisar documentos con mayor comodidad y claridad.<\/p>\n","protected":false},"featured_media":1091234,"comment_status":"closed","ping_status":"closed","template":"","meta":{"_et_pb_use_builder":"","_et_pb_old_content":"","_et_gb_content_width":""},"product_brand":[],"product_cat":[63],"product_tag":[],"class_list":{"0":"post-1091492","1":"product","2":"type-product","3":"status-publish","4":"has-post-thumbnail","6":"product_cat-donaciones","8":"first","9":"instock","10":"shipping-taxable","11":"purchasable","12":"product-type-simple"},"_links":{"self":[{"href":"https:\/\/mshperu.org\/en\/wp-json\/wp\/v2\/product\/1091492","targetHints":{"allow":["GET"]}}],"collection":[{"href":"https:\/\/mshperu.org\/en\/wp-json\/wp\/v2\/product"}],"about":[{"href":"https:\/\/mshperu.org\/en\/wp-json\/wp\/v2\/types\/product"}],"replies":[{"embeddable":true,"href":"https:\/\/mshperu.org\/en\/wp-json\/wp\/v2\/comments?post=1091492"}],"wp:featuredmedia":[{"embeddable":true,"href":"https:\/\/mshperu.org\/en\/wp-json\/wp\/v2\/media\/1091234"}],"wp:attachment":[{"href":"https:\/\/mshperu.org\/en\/wp-json\/wp\/v2\/media?parent=1091492"}],"wp:term":[{"taxonomy":"product_brand","embeddable":true,"href":"https:\/\/mshperu.org\/en\/wp-json\/wp\/v2\/product_brand?post=1091492"},{"taxonomy":"product_cat","embeddable":true,"href":"https:\/\/mshperu.org\/en\/wp-json\/wp\/v2\/product_cat?post=1091492"},{"taxonomy":"product_tag","embeddable":true,"href":"https:\/\/mshperu.org\/en\/wp-json\/wp\/v2\/product_tag?post=1091492"}],"curies":[{"name":"wp","href":"https:\/\/api.w.org\/{rel}","templated":true}]}}