{"id":1091491,"date":"2026-04-10T06:51:31","date_gmt":"2026-04-10T06:51:31","guid":{"rendered":"https:\/\/mshperu.org\/?post_type=product&#038;p=1091491"},"modified":"2026-04-10T06:51:32","modified_gmt":"2026-04-10T06:51:32","slug":"donacion-para-colchon-antiescaras","status":"publish","type":"product","link":"https:\/\/mshperu.org\/en\/tienda-solidaria\/donaciones\/donacion-para-colchon-antiescaras\/","title":{"rendered":"Donaci\u00f3n para colch\u00f3n antiescaras"},"content":{"rendered":"<p>Tu donaci\u00f3n permite financiar un colch\u00f3n antiescaras para una persona que pasa largos periodos en cama, en recuperaci\u00f3n o en reposo prolongado. Esta ayuda t\u00e9cnica contribuye a mejorar la comodidad y a reducir riesgos asociados a la presi\u00f3n continua sobre el cuerpo, favoreciendo el cuidado diario y el bienestar.<\/p>\n","protected":false},"excerpt":{"rendered":"<p>Contribuye al cuidado y bienestar de personas que permanecen largos periodos en cama o en reposo.<\/p>\n","protected":false},"featured_media":1091228,"comment_status":"closed","ping_status":"closed","template":"","meta":{"_et_pb_use_builder":"","_et_pb_old_content":"","_et_gb_content_width":""},"product_brand":[],"product_cat":[63],"product_tag":[],"class_list":{"0":"post-1091491","1":"product","2":"type-product","3":"status-publish","4":"has-post-thumbnail","6":"product_cat-donaciones","8":"first","9":"instock","10":"shipping-taxable","11":"purchasable","12":"product-type-simple"},"_links":{"self":[{"href":"https:\/\/mshperu.org\/en\/wp-json\/wp\/v2\/product\/1091491","targetHints":{"allow":["GET"]}}],"collection":[{"href":"https:\/\/mshperu.org\/en\/wp-json\/wp\/v2\/product"}],"about":[{"href":"https:\/\/mshperu.org\/en\/wp-json\/wp\/v2\/types\/product"}],"replies":[{"embeddable":true,"href":"https:\/\/mshperu.org\/en\/wp-json\/wp\/v2\/comments?post=1091491"}],"wp:featuredmedia":[{"embeddable":true,"href":"https:\/\/mshperu.org\/en\/wp-json\/wp\/v2\/media\/1091228"}],"wp:attachment":[{"href":"https:\/\/mshperu.org\/en\/wp-json\/wp\/v2\/media?parent=1091491"}],"wp:term":[{"taxonomy":"product_brand","embeddable":true,"href":"https:\/\/mshperu.org\/en\/wp-json\/wp\/v2\/product_brand?post=1091491"},{"taxonomy":"product_cat","embeddable":true,"href":"https:\/\/mshperu.org\/en\/wp-json\/wp\/v2\/product_cat?post=1091491"},{"taxonomy":"product_tag","embeddable":true,"href":"https:\/\/mshperu.org\/en\/wp-json\/wp\/v2\/product_tag?post=1091491"}],"curies":[{"name":"wp","href":"https:\/\/api.w.org\/{rel}","templated":true}]}}