{"id":1091488,"date":"2026-04-10T06:50:27","date_gmt":"2026-04-10T06:50:27","guid":{"rendered":"https:\/\/mshperu.org\/?post_type=product&#038;p=1091488"},"modified":"2026-04-10T06:50:27","modified_gmt":"2026-04-10T06:50:27","slug":"donacion-para-baston-para-invidentes","status":"publish","type":"product","link":"https:\/\/mshperu.org\/en\/tienda-solidaria\/donaciones\/donacion-para-baston-para-invidentes\/","title":{"rendered":"Donaci\u00f3n para bast\u00f3n para invidentes"},"content":{"rendered":"<p>Tu donaci\u00f3n permite financiar un bast\u00f3n para invidentes, un producto de apoyo fundamental para promover una movilidad m\u00e1s segura e independiente en personas con discapacidad visual. Ayuda en la orientaci\u00f3n cotidiana, facilita el reconocimiento del entorno y refuerza la confianza durante los desplazamientos.<\/p>\n","protected":false},"excerpt":{"rendered":"<p data-start=\"2756\" data-end=\"2867\">Favorece la orientaci\u00f3n y el desplazamiento seguro de personas con discapacidad visual.<\/p>\n","protected":false},"featured_media":1091489,"comment_status":"closed","ping_status":"closed","template":"","meta":{"_et_pb_use_builder":"","_et_pb_old_content":"","_et_gb_content_width":""},"product_brand":[],"product_cat":[63],"product_tag":[],"class_list":{"0":"post-1091488","1":"product","2":"type-product","3":"status-publish","4":"has-post-thumbnail","6":"product_cat-donaciones","8":"first","9":"instock","10":"shipping-taxable","11":"purchasable","12":"product-type-simple"},"_links":{"self":[{"href":"https:\/\/mshperu.org\/en\/wp-json\/wp\/v2\/product\/1091488","targetHints":{"allow":["GET"]}}],"collection":[{"href":"https:\/\/mshperu.org\/en\/wp-json\/wp\/v2\/product"}],"about":[{"href":"https:\/\/mshperu.org\/en\/wp-json\/wp\/v2\/types\/product"}],"replies":[{"embeddable":true,"href":"https:\/\/mshperu.org\/en\/wp-json\/wp\/v2\/comments?post=1091488"}],"wp:featuredmedia":[{"embeddable":true,"href":"https:\/\/mshperu.org\/en\/wp-json\/wp\/v2\/media\/1091489"}],"wp:attachment":[{"href":"https:\/\/mshperu.org\/en\/wp-json\/wp\/v2\/media?parent=1091488"}],"wp:term":[{"taxonomy":"product_brand","embeddable":true,"href":"https:\/\/mshperu.org\/en\/wp-json\/wp\/v2\/product_brand?post=1091488"},{"taxonomy":"product_cat","embeddable":true,"href":"https:\/\/mshperu.org\/en\/wp-json\/wp\/v2\/product_cat?post=1091488"},{"taxonomy":"product_tag","embeddable":true,"href":"https:\/\/mshperu.org\/en\/wp-json\/wp\/v2\/product_tag?post=1091488"}],"curies":[{"name":"wp","href":"https:\/\/api.w.org\/{rel}","templated":true}]}}