{"id":1091487,"date":"2026-04-10T06:48:54","date_gmt":"2026-04-10T06:48:54","guid":{"rendered":"https:\/\/mshperu.org\/?post_type=product&#038;p=1091487"},"modified":"2026-04-10T06:48:54","modified_gmt":"2026-04-10T06:48:54","slug":"donacion-para-muletas","status":"publish","type":"product","link":"https:\/\/mshperu.org\/en\/tienda-solidaria\/donaciones\/donacion-para-muletas\/","title":{"rendered":"Donaci\u00f3n para muletas"},"content":{"rendered":"<p>Tu donaci\u00f3n permite financiar un par de muletas para adultos, talla M, para una persona que requiere soporte al caminar debido a una lesi\u00f3n, proceso de recuperaci\u00f3n o limitaci\u00f3n f\u00edsica. Esta ayuda t\u00e9cnica contribuye a mantener la movilidad, la independencia y el desenvolvimiento en actividades cotidianas.<\/p>\n","protected":false},"excerpt":{"rendered":"<p>Facilitan el desplazamiento cuando se necesita apoyo temporal o prolongado en la marcha.<\/p>\n","protected":false},"featured_media":1091226,"comment_status":"closed","ping_status":"closed","template":"","meta":{"_et_pb_use_builder":"","_et_pb_old_content":"","_et_gb_content_width":""},"product_brand":[],"product_cat":[63],"product_tag":[],"class_list":{"0":"post-1091487","1":"product","2":"type-product","3":"status-publish","4":"has-post-thumbnail","6":"product_cat-donaciones","8":"first","9":"instock","10":"shipping-taxable","11":"purchasable","12":"product-type-simple"},"_links":{"self":[{"href":"https:\/\/mshperu.org\/en\/wp-json\/wp\/v2\/product\/1091487","targetHints":{"allow":["GET"]}}],"collection":[{"href":"https:\/\/mshperu.org\/en\/wp-json\/wp\/v2\/product"}],"about":[{"href":"https:\/\/mshperu.org\/en\/wp-json\/wp\/v2\/types\/product"}],"replies":[{"embeddable":true,"href":"https:\/\/mshperu.org\/en\/wp-json\/wp\/v2\/comments?post=1091487"}],"wp:featuredmedia":[{"embeddable":true,"href":"https:\/\/mshperu.org\/en\/wp-json\/wp\/v2\/media\/1091226"}],"wp:attachment":[{"href":"https:\/\/mshperu.org\/en\/wp-json\/wp\/v2\/media?parent=1091487"}],"wp:term":[{"taxonomy":"product_brand","embeddable":true,"href":"https:\/\/mshperu.org\/en\/wp-json\/wp\/v2\/product_brand?post=1091487"},{"taxonomy":"product_cat","embeddable":true,"href":"https:\/\/mshperu.org\/en\/wp-json\/wp\/v2\/product_cat?post=1091487"},{"taxonomy":"product_tag","embeddable":true,"href":"https:\/\/mshperu.org\/en\/wp-json\/wp\/v2\/product_tag?post=1091487"}],"curies":[{"name":"wp","href":"https:\/\/api.w.org\/{rel}","templated":true}]}}