{"id":1091486,"date":"2026-04-10T06:47:54","date_gmt":"2026-04-10T06:47:54","guid":{"rendered":"https:\/\/mshperu.org\/?post_type=product&#038;p=1091486"},"modified":"2026-04-10T06:47:55","modified_gmt":"2026-04-10T06:47:55","slug":"donacion-para-andador-marcapaso","status":"publish","type":"product","link":"https:\/\/mshperu.org\/en\/tienda-solidaria\/donaciones\/donacion-para-andador-marcapaso\/","title":{"rendered":"Donaci\u00f3n para andador marcapaso"},"content":{"rendered":"<p>Tu donaci\u00f3n permite financiar un andador marcapaso para una persona que requiere una ayuda m\u00e1s amplia para caminar con estabilidad. Su estructura brinda soporte integral durante el desplazamiento y contribuye a mejorar el equilibrio, la seguridad y la confianza en la rutina diaria.<\/p>\n","protected":false},"excerpt":{"rendered":"<p>Brinda soporte integral durante el desplazamiento y ayuda a mantener el equilibrio con mayor seguridad.<\/p>\n","protected":false},"featured_media":1091224,"comment_status":"closed","ping_status":"closed","template":"","meta":{"_et_pb_use_builder":"","_et_pb_old_content":"","_et_gb_content_width":""},"product_brand":[],"product_cat":[63],"product_tag":[],"class_list":{"0":"post-1091486","1":"product","2":"type-product","3":"status-publish","4":"has-post-thumbnail","6":"product_cat-donaciones","8":"first","9":"instock","10":"shipping-taxable","11":"purchasable","12":"product-type-simple"},"_links":{"self":[{"href":"https:\/\/mshperu.org\/en\/wp-json\/wp\/v2\/product\/1091486","targetHints":{"allow":["GET"]}}],"collection":[{"href":"https:\/\/mshperu.org\/en\/wp-json\/wp\/v2\/product"}],"about":[{"href":"https:\/\/mshperu.org\/en\/wp-json\/wp\/v2\/types\/product"}],"replies":[{"embeddable":true,"href":"https:\/\/mshperu.org\/en\/wp-json\/wp\/v2\/comments?post=1091486"}],"wp:featuredmedia":[{"embeddable":true,"href":"https:\/\/mshperu.org\/en\/wp-json\/wp\/v2\/media\/1091224"}],"wp:attachment":[{"href":"https:\/\/mshperu.org\/en\/wp-json\/wp\/v2\/media?parent=1091486"}],"wp:term":[{"taxonomy":"product_brand","embeddable":true,"href":"https:\/\/mshperu.org\/en\/wp-json\/wp\/v2\/product_brand?post=1091486"},{"taxonomy":"product_cat","embeddable":true,"href":"https:\/\/mshperu.org\/en\/wp-json\/wp\/v2\/product_cat?post=1091486"},{"taxonomy":"product_tag","embeddable":true,"href":"https:\/\/mshperu.org\/en\/wp-json\/wp\/v2\/product_tag?post=1091486"}],"curies":[{"name":"wp","href":"https:\/\/api.w.org\/{rel}","templated":true}]}}