{"id":1091479,"date":"2026-04-10T06:40:20","date_gmt":"2026-04-10T06:40:20","guid":{"rendered":"https:\/\/mshperu.org\/?post_type=product&#038;p=1091479"},"modified":"2026-04-10T06:43:52","modified_gmt":"2026-04-10T06:43:52","slug":"baston-basico-de-una-pata","status":"publish","type":"product","link":"https:\/\/mshperu.org\/en\/tienda-solidaria\/donaciones\/baston-basico-de-una-pata\/","title":{"rendered":"Donaci\u00f3n para Bast\u00f3n b\u00e1sico de una pata"},"content":{"rendered":"<p>Tu donaci\u00f3n permite financiar un bast\u00f3n b\u00e1sico de una pata para una persona que requiere apoyo al caminar. Esta ayuda t\u00e9cnica contribuye a mejorar el equilibrio, reforzar la estabilidad y brindar mayor seguridad dentro y fuera del hogar, favoreciendo una movilidad m\u00e1s confiable en actividades cotidianas.<\/p>\n","protected":false},"excerpt":{"rendered":"<p>Brinda un punto de apoyo adicional para caminar con m\u00e1s seguridad, equilibrio y confianza.<\/p>\n","protected":false},"featured_media":1091222,"comment_status":"closed","ping_status":"closed","template":"","meta":{"_et_pb_use_builder":"","_et_pb_old_content":"","_et_gb_content_width":""},"product_brand":[],"product_cat":[63],"product_tag":[],"class_list":{"0":"post-1091479","1":"product","2":"type-product","3":"status-publish","4":"has-post-thumbnail","6":"product_cat-donaciones","8":"first","9":"instock","10":"shipping-taxable","11":"purchasable","12":"product-type-simple"},"_links":{"self":[{"href":"https:\/\/mshperu.org\/en\/wp-json\/wp\/v2\/product\/1091479","targetHints":{"allow":["GET"]}}],"collection":[{"href":"https:\/\/mshperu.org\/en\/wp-json\/wp\/v2\/product"}],"about":[{"href":"https:\/\/mshperu.org\/en\/wp-json\/wp\/v2\/types\/product"}],"replies":[{"embeddable":true,"href":"https:\/\/mshperu.org\/en\/wp-json\/wp\/v2\/comments?post=1091479"}],"wp:featuredmedia":[{"embeddable":true,"href":"https:\/\/mshperu.org\/en\/wp-json\/wp\/v2\/media\/1091222"}],"wp:attachment":[{"href":"https:\/\/mshperu.org\/en\/wp-json\/wp\/v2\/media?parent=1091479"}],"wp:term":[{"taxonomy":"product_brand","embeddable":true,"href":"https:\/\/mshperu.org\/en\/wp-json\/wp\/v2\/product_brand?post=1091479"},{"taxonomy":"product_cat","embeddable":true,"href":"https:\/\/mshperu.org\/en\/wp-json\/wp\/v2\/product_cat?post=1091479"},{"taxonomy":"product_tag","embeddable":true,"href":"https:\/\/mshperu.org\/en\/wp-json\/wp\/v2\/product_tag?post=1091479"}],"curies":[{"name":"wp","href":"https:\/\/api.w.org\/{rel}","templated":true}]}}