{"id":1091466,"date":"2026-04-10T05:45:51","date_gmt":"2026-04-10T05:45:51","guid":{"rendered":"https:\/\/mshperu.org\/?post_type=product&#038;p=1091466"},"modified":"2026-04-10T06:45:01","modified_gmt":"2026-04-10T06:45:01","slug":"donacion-para-silla-de-ruedas","status":"publish","type":"product","link":"https:\/\/mshperu.org\/en\/tienda-solidaria\/donaciones\/donacion-para-silla-de-ruedas\/","title":{"rendered":"Donaci\u00f3n para silla de ruedas"},"content":{"rendered":"<p>Tu donaci\u00f3n permite financiar una silla de ruedas manual plegable para una persona con limitaciones de movilidad. Esta ayuda t\u00e9cnica contribuye a mejorar su desplazamiento, reducir barreras en la rutina cotidiana y favorecer una participaci\u00f3n m\u00e1s activa en distintos espacios. Su dise\u00f1o plegable tambi\u00e9n aporta practicidad y funcionalidad.<\/p>\n","protected":false},"excerpt":{"rendered":"<p data-start=\"167\" data-end=\"267\">Facilita el desplazamiento y favorece una mayor autonom\u00eda en la vida diaria.<\/p>\n","protected":false},"featured_media":1091467,"comment_status":"closed","ping_status":"closed","template":"","meta":{"_et_pb_use_builder":"","_et_pb_old_content":"","_et_gb_content_width":""},"product_brand":[],"product_cat":[63],"product_tag":[],"class_list":{"0":"post-1091466","1":"product","2":"type-product","3":"status-publish","4":"has-post-thumbnail","6":"product_cat-donaciones","8":"first","9":"instock","10":"shipping-taxable","11":"purchasable","12":"product-type-simple"},"_links":{"self":[{"href":"https:\/\/mshperu.org\/en\/wp-json\/wp\/v2\/product\/1091466","targetHints":{"allow":["GET"]}}],"collection":[{"href":"https:\/\/mshperu.org\/en\/wp-json\/wp\/v2\/product"}],"about":[{"href":"https:\/\/mshperu.org\/en\/wp-json\/wp\/v2\/types\/product"}],"replies":[{"embeddable":true,"href":"https:\/\/mshperu.org\/en\/wp-json\/wp\/v2\/comments?post=1091466"}],"wp:featuredmedia":[{"embeddable":true,"href":"https:\/\/mshperu.org\/en\/wp-json\/wp\/v2\/media\/1091467"}],"wp:attachment":[{"href":"https:\/\/mshperu.org\/en\/wp-json\/wp\/v2\/media?parent=1091466"}],"wp:term":[{"taxonomy":"product_brand","embeddable":true,"href":"https:\/\/mshperu.org\/en\/wp-json\/wp\/v2\/product_brand?post=1091466"},{"taxonomy":"product_cat","embeddable":true,"href":"https:\/\/mshperu.org\/en\/wp-json\/wp\/v2\/product_cat?post=1091466"},{"taxonomy":"product_tag","embeddable":true,"href":"https:\/\/mshperu.org\/en\/wp-json\/wp\/v2\/product_tag?post=1091466"}],"curies":[{"name":"wp","href":"https:\/\/api.w.org\/{rel}","templated":true}]}}