{"id":1090422,"date":"2025-12-10T04:02:42","date_gmt":"2025-12-10T04:02:42","guid":{"rendered":"https:\/\/mshperu.org\/solar-radiation-damage-prevention-program-ppdrs\/"},"modified":"2026-01-28T21:33:13","modified_gmt":"2026-01-28T21:33:13","slug":"solar-radiation-damage-prevention-program-ppdrs","status":"publish","type":"page","link":"https:\/\/mshperu.org\/en\/solar-radiation-damage-prevention-program-ppdrs\/","title":{"rendered":"Solar Radiation Damage Prevention Program (PPDRS)"},"content":{"rendered":"<p>[et_pb_section fb_built=&#8221;1&#8243; admin_label=&#8221;Header Section&#8221; _builder_version=&#8221;4.27.4&#8243; _module_preset=&#8221;default&#8221; background_color=&#8221;#004730&#8243; background_enable_image=&#8221;off&#8221; background_blend=&#8221;soft-light&#8221; locked=&#8221;off&#8221; global_colors_info=&#8221;{}&#8221;][et_pb_row _builder_version=&#8221;4.27.5&#8243; _module_preset=&#8221;default&#8221; width=&#8221;100%&#8221; custom_margin=&#8221;0px||0px||true|false&#8221; custom_padding=&#8221;0px||0px||true|false&#8221; global_colors_info=&#8221;{}&#8221;][et_pb_column type=&#8221;4_4&#8243; _builder_version=&#8221;4.16&#8243; _module_preset=&#8221;default&#8221; global_colors_info=&#8221;{}&#8221;][et_pb_code _builder_version=&#8221;4.27.5&#8243; _module_preset=&#8221;default&#8221; custom_margin=&#8221;0px||0px||true|false&#8221; custom_padding=&#8221;0px||0px|20px|true|false&#8221; custom_padding_tablet=&#8221;0px||0px|20px|true|false&#8221; custom_padding_phone=&#8221;0px||0px|20px|true|false&#8221; custom_padding_last_edited=&#8221;on|desktop&#8221; hover_enabled=&#8221;0&#8243; custom_css_free_form=&#8221;.titulo-proyectos {||    font-family: &#8216;Poppins&#8217;, Helvetica, Arial, Lucida, sans-serif;||    color: rgb(255, 255, 255);||    font-size: 40px; ||    line-height: 1.2;||    text-transform: uppercase;||    letter-spacing: 1px;||}||||.titulo-proyectos .proyectos {||    font-weight: 900; \/* PESADO *\/||    opacity: 0.85; \/* luz suave *\/||}||||.titulo-proyectos .nuestros {||    font-weight: 300; \/* LUZ FUERTE\/fino *\/||    opacity: 0.85; \/* luz suave *\/||}||\/* &#8212;&#8212;&#8212;&#8212;&#8212;&#8212;&#8212;&#8212;&#8212;&#8212;&#8212;&#8212;&#8212;&#8212;- *\/||\/* \u2728 Media Query para M\u00f3viles (Responsivo) \u2728||*\/||@media (max-width: 600px) {||    .titulo-proyectos {||        font-size: 28px; ||        line-height: 1.1; ||        letter-spacing: 0.5px;||    }||}||@media (max-width: 600px) {||    .titulo-proyectos .proyectos {||        font-size: 38px; ||        line-height: 1;||    }||}&#8221; global_colors_info=&#8221;{}&#8221; sticky_enabled=&#8221;0&#8243;]<\/p>\n<h2 class=\"titulo-proyectos\"><!-- [et_pb_line_break_holder] -->  <span class=\"nuestros\"><!-- [et_pb_line_break_holder] -->  Solar Radiation Damage <\/span><!-- [et_pb_line_break_holder] -->  <span class=\"proyectos\"><!-- [et_pb_line_break_holder] --> Prevention Program (PPDRS)<\/span><!-- [et_pb_line_break_holder] --><\/h2>\n<p>[\/et_pb_code][\/et_pb_column][\/et_pb_row][\/et_pb_section][et_pb_section fb_built=&#8221;1&#8243; _builder_version=&#8221;4.16&#8243; _module_preset=&#8221;default&#8221; background_color=&#8221;#f8f8f8&#8243; global_colors_info=&#8221;{}&#8221;][et_pb_row _builder_version=&#8221;4.27.4&#8243; _module_preset=&#8221;default&#8221; width=&#8221;90%&#8221; custom_padding=&#8221;||50px||false|false&#8221; locked=&#8221;off&#8221; global_colors_info=&#8221;{}&#8221;][et_pb_column type=&#8221;4_4&#8243; _builder_version=&#8221;4.16&#8243; _module_preset=&#8221;default&#8221; global_colors_info=&#8221;{}&#8221;][et_pb_text _builder_version=&#8221;4.27.5&#8243; _module_preset=&#8221;default&#8221; text_font=&#8221;Poppins||||||||&#8221; text_font_size=&#8221;16px&#8221; global_colors_info=&#8221;{}&#8221;]<\/p>\n<p class=\"cvGsUA direction-ltr align-justify para-style-body\"><span class=\"a_GcMg font-feature-liga-off font-feature-clig-off font-feature-calt-off text-decoration-none text-strikethrough-none\">Ultraviolet (UV) radiation from the sun is invisible, cannot be felt, and can cause serious damage to the skin and eyes. In Peru, due to its proximity to the equator, the altitude of the highlands, and the thinning of the ozone layer, the UV radiation index reaches extreme levels for much of the year, especially in the Andes mountain range and the highlands. Intense and continuous exposure is associated with sunburn, increased risk of skin cancer and eye problems such as cataracts, pterygium, photokeratitis and photoconjunctivitis.  <\/span><\/p>\n<p class=\"cvGsUA direction-ltr align-justify para-style-body\">\n<p class=\"cvGsUA direction-ltr align-justify para-style-body\"><span class=\"a_GcMg font-feature-liga-off font-feature-clig-off font-feature-calt-off text-decoration-none text-strikethrough-none\">Despite these risks, many people living in poverty, especially in rural or high-radiation areas, do not have UV-protective sunglasses or clear information on how to protect themselves from the sun, making them more vulnerable to these cumulative damages.<\/span><\/p>\n<p>[\/et_pb_text][et_pb_heading title=&#8221;MSH Peru: Solar Radiation Damage Prevention Program (PPDRS)&#8221; admin_label=&#8221;MSH Per\u00fa: Programa de Prevenci\u00f3n contra los Da\u00f1os de la Radiaci\u00f3n Solar (PPDRS)&#8221; _builder_version=&#8221;4.27.5&#8243; _module_preset=&#8221;default&#8221; title_level=&#8221;h2&#8243; title_font=&#8221;Poppins|700|||||||&#8221; title_text_align=&#8221;center&#8221; global_colors_info=&#8221;{}&#8221;][\/et_pb_heading][\/et_pb_column][\/et_pb_row][et_pb_row column_structure=&#8221;1_2,1_2&#8243; _builder_version=&#8221;4.27.5&#8243; _module_preset=&#8221;default&#8221; global_colors_info=&#8221;{}&#8221;][et_pb_column type=&#8221;1_2&#8243; _builder_version=&#8221;4.27.5&#8243; _module_preset=&#8221;default&#8221; global_colors_info=&#8221;{}&#8221;][ba_card photo=&#8221;https:\/\/mshperu.org\/wp-content\/uploads\/Iconos-MSH-Peru-Verde-300&#215;200-20.webp&#8221; image_height=&#8221;100px&#8221; image_width=&#8221;135px&#8221; image_padding=&#8221;10px|0px|0px|0px|false|false&#8221; content_alignment=&#8221;center&#8221; overlay_icon_color=&#8221;RGBA(255,255,255,0)&#8221; overlay_color=&#8221;RGBA(255,255,255,0)&#8221; _builder_version=&#8221;4.27.5&#8243; _module_preset=&#8221;default&#8221; title_font=&#8221;Poppins|600|||||||&#8221; description_font=&#8221;Poppins||||||||&#8221; description_font_size=&#8221;16px&#8221; global_colors_info=&#8221;{}&#8221;][\/ba_card][ba_card photo=&#8221;https:\/\/mshperu.org\/wp-content\/uploads\/Iconos-MSH-Peru-Verde-300&#215;200-21.webp&#8221; image_height=&#8221;100px&#8221; image_width=&#8221;135px&#8221; image_padding=&#8221;10px|0px|0px|0px|false|false&#8221; content_alignment=&#8221;center&#8221; content_padding=&#8221;25px|25px|25px|25px|false|false&#8221; overlay_icon_color=&#8221;RGBA(255,255,255,0)&#8221; overlay_color=&#8221;RGBA(255,255,255,0)&#8221; _builder_version=&#8221;4.27.5&#8243; _module_preset=&#8221;default&#8221; title_font=&#8221;Poppins|600|||||||&#8221; description_font=&#8221;Poppins||||||||&#8221; description_font_size=&#8221;16px&#8221; global_colors_info=&#8221;{}&#8221;][\/ba_card][\/et_pb_column][et_pb_column type=&#8221;1_2&#8243; _builder_version=&#8221;4.27.5&#8243; _module_preset=&#8221;default&#8221; global_colors_info=&#8221;{}&#8221;][et_pb_image src=&#8221;https:\/\/mshperu.org\/wp-content\/uploads\/AnyConv.com__1080x1080-para-vertical-media-pantalla-6.webp&#8221; alt=&#8221;MSH-Peru&#8217;s Lines of Action with Purpose&#8221; title_text=&#8221;AnyConv.com__1080x1080 para vertical media pantalla (6)&#8221; _builder_version=&#8221;4.27.5&#8243; _module_preset=&#8221;default&#8221; global_colors_info=&#8221;{}&#8221;][\/et_pb_image][\/et_pb_column][\/et_pb_row][et_pb_row _builder_version=&#8221;4.27.5&#8243; _module_preset=&#8221;default&#8221; width=&#8221;90%&#8221; custom_margin=&#8221;50px||||false|false&#8221; custom_padding=&#8221;||0px||false|false&#8221; locked=&#8221;off&#8221; global_colors_info=&#8221;{}&#8221;][et_pb_column type=&#8221;4_4&#8243; _builder_version=&#8221;4.16&#8243; _module_preset=&#8221;default&#8221; global_colors_info=&#8221;{}&#8221;][et_pb_heading title=&#8221;Results and impact on users of Pension 65&#8243; admin_label=&#8221;Resultados e impacto en usuarios de Pensi\u00f3n 65&#8243; _builder_version=&#8221;4.27.5&#8243; _module_preset=&#8221;default&#8221; title_level=&#8221;h2&#8243; title_font=&#8221;Poppins|700|||||||&#8221; title_text_align=&#8221;center&#8221; global_colors_info=&#8221;{}&#8221;][\/et_pb_heading][\/et_pb_column][\/et_pb_row][et_pb_row column_structure=&#8221;1_4,1_4,1_4,1_4&#8243; _builder_version=&#8221;4.27.5&#8243; _module_preset=&#8221;default&#8221; custom_margin=&#8221;||||false|false&#8221; custom_padding=&#8221;0px||||false|false&#8221; global_colors_info=&#8221;{}&#8221;][et_pb_column type=&#8221;1_4&#8243; _builder_version=&#8221;4.27.5&#8243; _module_preset=&#8221;default&#8221; global_colors_info=&#8221;{}&#8221;][\/et_pb_column][et_pb_column type=&#8221;1_4&#8243; _builder_version=&#8221;4.27.5&#8243; _module_preset=&#8221;default&#8221; global_colors_info=&#8221;{}&#8221;][et_pb_blurb title=&#8221;180 000&#8243; image=&#8221;https:\/\/mshperu.org\/wp-content\/uploads\/Iconos-MSH-Peru-Naranja-300&#215;200-34.webp&#8221; image_icon_width=&#8221;60%&#8221; admin_label=&#8221;426 792&#8243; _builder_version=&#8221;4.27.5&#8243; _module_preset=&#8221;default&#8221; header_font=&#8221;Poppins|700|||||||&#8221; header_text_align=&#8221;center&#8221; header_text_color=&#8221;#e36f1e&#8221; header_font_size=&#8221;30px&#8221; header_line_height=&#8221;1.5em&#8221; body_font=&#8221;Poppins||||||||&#8221; body_text_align=&#8221;center&#8221; body_text_color=&#8221;#555555&#8243; body_font_size=&#8221;16px&#8221; background_color=&#8221;RGBA(255,255,255,0)&#8221; image_icon_custom_margin=&#8221;||-23px|40px|false|false&#8221; image_icon_custom_padding=&#8221;||0px|10px|false|false&#8221; custom_margin=&#8221;0px|0px|0px|0px|true|false&#8221; custom_margin_tablet=&#8221;&#8221; custom_margin_phone=&#8221;&#8221; custom_margin_last_edited=&#8221;on|phone&#8221; custom_padding=&#8221;0px|0px|0px|0px|false|false&#8221; animation_style=&#8221;flip&#8221; animation_direction=&#8221;left&#8221; custom_css_blurb_title=&#8221;padding-bottom: 18px;&#8221; border_radii=&#8221;on|10px|10px|10px|10px&#8221; locked=&#8221;off&#8221; global_colors_info=&#8221;{}&#8221;][\/et_pb_blurb][\/et_pb_column][et_pb_column type=&#8221;1_4&#8243; _builder_version=&#8221;4.27.5&#8243; _module_preset=&#8221;default&#8221; global_colors_info=&#8221;{}&#8221;][et_pb_text _builder_version=&#8221;4.27.5&#8243; _module_preset=&#8221;default&#8221; text_font=&#8221;Poppins||||||||&#8221; text_font_size=&#8221;16px&#8221; custom_margin=&#8221;25px|0px|25px|-70px|true|false&#8221; custom_padding=&#8221;0px|0px|0px|0px|true|true&#8221; global_colors_info=&#8221;{}&#8221;]<\/p>\n<p><span class=\"a_GcMg font-feature-liga-off font-feature-clig-off font-feature-calt-off text-decoration-none text-strikethrough-none\">UV-protective sunglasses were distributed to users of the National Solidarity Assistance Programme Pension 65 between 2023 and 2025.<\/span><\/p>\n<p>[\/et_pb_text][\/et_pb_column][et_pb_column type=&#8221;1_4&#8243; _builder_version=&#8221;4.27.5&#8243; _module_preset=&#8221;default&#8221; global_colors_info=&#8221;{}&#8221;][\/et_pb_column][\/et_pb_row][et_pb_row _builder_version=&#8221;4.27.5&#8243; _module_preset=&#8221;default&#8221; global_colors_info=&#8221;{}&#8221;][et_pb_column type=&#8221;4_4&#8243; _builder_version=&#8221;4.27.5&#8243; _module_preset=&#8221;default&#8221; global_colors_info=&#8221;{}&#8221;][et_pb_video src=&#8221;https:\/\/www.youtube.com\/watch?v=HVH_XX_l3Mc&#8221; image_src=&#8221;\/\/i.ytimg.com\/vi\/HVH_XX_l3Mc\/hqdefault.jpg&#8221; play_icon_color=&#8221;#E09900&#8243; font_icon=&#8221;&#xe0a3;||divi||400&#8243; _builder_version=&#8221;4.27.5&#8243; _module_preset=&#8221;default&#8221; global_colors_info=&#8221;{}&#8221;][\/et_pb_video][et_pb_heading title=&#8221;Sun Damage Prevention Program&#8221; _builder_version=&#8221;4.27.5&#8243; _module_preset=&#8221;default&#8221; title_level=&#8221;h3&#8243; title_font=&#8221;||on||||||&#8221; title_text_align=&#8221;center&#8221; global_colors_info=&#8221;{}&#8221;][\/et_pb_heading][\/et_pb_column][\/et_pb_row][et_pb_row _builder_version=&#8221;4.27.5&#8243; _module_preset=&#8221;default&#8221; width=&#8221;90%&#8221; custom_margin=&#8221;50px||||false|false&#8221; custom_padding=&#8221;||0px||false|false&#8221; locked=&#8221;off&#8221; global_colors_info=&#8221;{}&#8221;][et_pb_column type=&#8221;4_4&#8243; _builder_version=&#8221;4.16&#8243; _module_preset=&#8221;default&#8221; global_colors_info=&#8221;{}&#8221;][et_pb_heading title=&#8221;Expansion to other social programmes&#8221; admin_label=&#8221;Escalamientos a otros programas sociales&#8221; _builder_version=&#8221;4.27.5&#8243; _module_preset=&#8221;default&#8221; title_level=&#8221;h2&#8243; title_font=&#8221;Poppins|700|||||||&#8221; title_text_align=&#8221;center&#8221; global_colors_info=&#8221;{}&#8221;][\/et_pb_heading][\/et_pb_column][\/et_pb_row][et_pb_row column_structure=&#8221;1_3,1_3,1_3&#8243; _builder_version=&#8221;4.27.5&#8243; _module_preset=&#8221;default&#8221; global_colors_info=&#8221;{}&#8221;][et_pb_column type=&#8221;1_3&#8243; _builder_version=&#8221;4.27.5&#8243; _module_preset=&#8221;default&#8221; global_colors_info=&#8221;{}&#8221;][et_pb_heading title=&#8221;CONTIGO Program&#8221; _builder_version=&#8221;4.27.5&#8243; _module_preset=&#8221;default&#8221; title_font=&#8221;|700|||||||&#8221; title_font_size=&#8221;18px&#8221; global_colors_info=&#8221;{}&#8221;][\/et_pb_heading][et_pb_text _builder_version=&#8221;4.27.5&#8243; _module_preset=&#8221;default&#8221; text_font=&#8221;Poppins||||||||&#8221; text_font_size=&#8221;16px&#8221; global_colors_info=&#8221;{}&#8221;]<\/p>\n<ul>\n<li><span class=\"a_GcMg font-feature-liga-off font-feature-clig-off font-feature-calt-off text-decoration-none text-strikethrough-none\">Period: September to December 2025.<\/span><\/li>\n<li><span class=\"a_GcMg font-feature-liga-off font-feature-clig-off font-feature-calt-off text-decoration-none text-strikethrough-none\">20,000 pairs of UV-protective sunglasses to users with severe disabilities and their carers.<\/span><\/li>\n<li><span class=\"a_GcMg font-feature-liga-off font-feature-clig-off font-feature-calt-off text-decoration-none text-strikethrough-none\">Territorial Units of Lima and La Libertad.<\/span><\/li>\n<\/ul>\n<p>[\/et_pb_text][\/et_pb_column][et_pb_column type=&#8221;1_3&#8243; _builder_version=&#8221;4.27.5&#8243; _module_preset=&#8221;default&#8221; global_colors_info=&#8221;{}&#8221;][et_pb_heading title=&#8221;PA\u00cdS Program&#8221; _builder_version=&#8221;4.27.5&#8243; _module_preset=&#8221;default&#8221; title_font=&#8221;|700|||||||&#8221; title_font_size=&#8221;18px&#8221; global_colors_info=&#8221;{}&#8221;][\/et_pb_heading][et_pb_text _builder_version=&#8221;4.27.5&#8243; _module_preset=&#8221;default&#8221; text_font=&#8221;Poppins||||||||&#8221; text_font_size=&#8221;16px&#8221; global_colors_info=&#8221;{}&#8221;]<\/p>\n<ul>\n<li><span class=\"a_GcMg font-feature-liga-off font-feature-clig-off font-feature-calt-off text-decoration-none text-strikethrough-none\">Period: September to December 2025.<\/span><\/li>\n<li><span class=\"a_GcMg font-feature-liga-off font-feature-clig-off font-feature-calt-off text-decoration-none text-strikethrough-none\">20,000 pairs of UV-protective sunglasses distributed to users served at mobile platforms, multi-sector caravans, and tambos.<\/span><\/li>\n<li><span class=\"a_GcMg font-feature-liga-off font-feature-clig-off font-feature-calt-off text-decoration-none text-strikethrough-none\">24 regions of the country.<\/span><\/li>\n<\/ul>\n<p>[\/et_pb_text][\/et_pb_column][et_pb_column type=&#8221;1_3&#8243; _builder_version=&#8221;4.27.5&#8243; _module_preset=&#8221;default&#8221; global_colors_info=&#8221;{}&#8221;][et_pb_heading title=&#8221;Food Supplementation Programme (PCA)&#8221; _builder_version=&#8221;4.27.5&#8243; _module_preset=&#8221;default&#8221; title_font=&#8221;|700|||||||&#8221; title_font_size=&#8221;18px&#8221; global_colors_info=&#8221;{}&#8221;][\/et_pb_heading][et_pb_text _builder_version=&#8221;4.27.5&#8243; _module_preset=&#8221;default&#8221; text_font=&#8221;Poppins||||||||&#8221; text_font_size=&#8221;16px&#8221; global_colors_info=&#8221;{}&#8221;]<\/p>\n<ul>\n<li><span class=\"a_GcMg font-feature-liga-off font-feature-clig-off font-feature-calt-off text-decoration-none text-strikethrough-none\">Period: October 2025 to February 2026.<\/span><\/li>\n<li><span class=\"a_GcMg font-feature-liga-off font-feature-clig-off font-feature-calt-off text-decoration-none text-strikethrough-none\">10,000 pairs of UV-protective sunglasses to users of soup kitchens and community canteens.<\/span><\/li>\n<li><span class=\"a_GcMg font-feature-liga-off font-feature-clig-off font-feature-calt-off text-decoration-none text-strikethrough-none\">Metropolitan Lima and Callao.<\/span><\/li>\n<\/ul>\n<p>[\/et_pb_text][\/et_pb_column][\/et_pb_row][et_pb_row _builder_version=&#8221;4.27.5&#8243; _module_preset=&#8221;default&#8221; locked=&#8221;off&#8221; global_colors_info=&#8221;{}&#8221;][et_pb_column type=&#8221;4_4&#8243; _builder_version=&#8221;4.27.5&#8243; _module_preset=&#8221;default&#8221; global_colors_info=&#8221;{}&#8221;][ba_image_carousel _builder_version=&#8221;4.27.5&#8243; _module_preset=&#8221;default&#8221; global_colors_info=&#8221;{}&#8221;][ba_image_carousel_child photo=&#8221;https:\/\/mshperu.org\/wp-content\/uploads\/AnyConv.com__2560x17070-carrusel-web.webp&#8221; _builder_version=&#8221;4.27.5&#8243; _module_preset=&#8221;default&#8221; global_colors_info=&#8221;{}&#8221;][\/ba_image_carousel_child][ba_image_carousel_child photo=&#8221;https:\/\/mshperu.org\/wp-content\/uploads\/AnyConv.com__2560x17070-carrusel-web-4-1.webp&#8221; _builder_version=&#8221;4.27.5&#8243; _module_preset=&#8221;default&#8221; global_colors_info=&#8221;{}&#8221;][\/ba_image_carousel_child][ba_image_carousel_child photo=&#8221;https:\/\/mshperu.org\/wp-content\/uploads\/AnyConv.com__2560x17070-carrusel-web-1.webp&#8221; _builder_version=&#8221;4.27.5&#8243; _module_preset=&#8221;default&#8221; global_colors_info=&#8221;{}&#8221;][\/ba_image_carousel_child][ba_image_carousel_child photo=&#8221;https:\/\/mshperu.org\/wp-content\/uploads\/AnyConv.com__2560x17070-carrusel-web-2.webp&#8221; _builder_version=&#8221;4.27.5&#8243; _module_preset=&#8221;default&#8221; global_colors_info=&#8221;{}&#8221;][\/ba_image_carousel_child][\/ba_image_carousel][\/et_pb_column][\/et_pb_row][\/et_pb_section]<\/p>\n","protected":false},"excerpt":{"rendered":"<p>Ultraviolet (UV) radiation from the sun is invisible, cannot be felt, and can cause serious damage to the skin and eyes. In Peru, due to its proximity to the equator, the altitude of the highlands, and the thinning of the ozone layer, the UV radiation index reaches extreme levels for much of the year, especially [&hellip;]<\/p>\n","protected":false},"author":1,"featured_media":0,"parent":0,"menu_order":0,"comment_status":"closed","ping_status":"closed","template":"","meta":{"_et_pb_use_builder":"on","_et_pb_old_content":"","_et_gb_content_width":"","footnotes":""},"class_list":["post-1090422","page","type-page","status-publish","hentry"],"_links":{"self":[{"href":"https:\/\/mshperu.org\/en\/wp-json\/wp\/v2\/pages\/1090422","targetHints":{"allow":["GET"]}}],"collection":[{"href":"https:\/\/mshperu.org\/en\/wp-json\/wp\/v2\/pages"}],"about":[{"href":"https:\/\/mshperu.org\/en\/wp-json\/wp\/v2\/types\/page"}],"author":[{"embeddable":true,"href":"https:\/\/mshperu.org\/en\/wp-json\/wp\/v2\/users\/1"}],"replies":[{"embeddable":true,"href":"https:\/\/mshperu.org\/en\/wp-json\/wp\/v2\/comments?post=1090422"}],"version-history":[{"count":0,"href":"https:\/\/mshperu.org\/en\/wp-json\/wp\/v2\/pages\/1090422\/revisions"}],"wp:attachment":[{"href":"https:\/\/mshperu.org\/en\/wp-json\/wp\/v2\/media?parent=1090422"}],"curies":[{"name":"wp","href":"https:\/\/api.w.org\/{rel}","templated":true}]}}