{"id":1090416,"date":"2025-12-04T22:50:31","date_gmt":"2025-12-04T22:50:31","guid":{"rendered":"https:\/\/mshperu.org\/?page_id=1090416"},"modified":"2026-01-29T22:23:15","modified_gmt":"2026-01-29T22:23:15","slug":"healthy-municipalities-and-communities-mcs-copy","status":"publish","type":"page","link":"https:\/\/mshperu.org\/en\/healthy-municipalities-and-communities-mcs-copy\/","title":{"rendered":"Healthy Municipalities and Communities (MCS) Copy"},"content":{"rendered":"<p>[et_pb_section fb_built=&#8221;1&#8243; admin_label=&#8221;Header Section&#8221; _builder_version=&#8221;4.27.4&#8243; _module_preset=&#8221;default&#8221; background_color=&#8221;#004730&#8243; background_enable_image=&#8221;off&#8221; background_blend=&#8221;soft-light&#8221; locked=&#8221;off&#8221; global_colors_info=&#8221;{}&#8221;][et_pb_row _builder_version=&#8221;4.27.4&#8243; _module_preset=&#8221;default&#8221; width=&#8221;100%&#8221; custom_margin=&#8221;0px||0px||true|false&#8221; custom_padding=&#8221;0px||0px||true|false&#8221; hover_enabled=&#8221;0&#8243; global_colors_info=&#8221;{}&#8221; sticky_enabled=&#8221;0&#8243;][et_pb_column type=&#8221;4_4&#8243; _builder_version=&#8221;4.16&#8243; _module_preset=&#8221;default&#8221; global_colors_info=&#8221;{}&#8221;][et_pb_code _builder_version=&#8221;4.27.4&#8243; _module_preset=&#8221;default&#8221; custom_margin=&#8221;0px||0px||true|false&#8221; custom_padding=&#8221;0px||0px|20px|true|false&#8221; custom_padding_tablet=&#8221;0px||0px|20px|true|false&#8221; custom_padding_phone=&#8221;0px||0px|20px|true|false&#8221; custom_padding_last_edited=&#8221;on|desktop&#8221; hover_enabled=&#8221;0&#8243; custom_css_free_form=&#8221;.titulo-proyectos {||    font-family: &#8216;Poppins&#8217;, Helvetica, Arial, Lucida, sans-serif;||    color: rgb(255, 255, 255);||    font-size: 40px; ||    line-height: 1.2;||    text-transform: uppercase;||    letter-spacing: 1px;||}||||.titulo-proyectos .proyectos {||    font-weight: 900; \/* PESADO *\/||    opacity: 0.85; \/* luz suave *\/||}||||.titulo-proyectos .nuestros {||    font-weight: 300; \/* LUZ FUERTE\/fino *\/||    opacity: 0.85; \/* luz suave *\/||}||\/* &#8212;&#8212;&#8212;&#8212;&#8212;&#8212;&#8212;&#8212;&#8212;&#8212;&#8212;&#8212;&#8212;&#8212;- *\/||\/* \u2728 Media Query para M\u00f3viles (Responsivo) \u2728||*\/||@media (max-width: 600px) {||    .titulo-proyectos {||        font-size: 28px; ||        line-height: 1.1; ||        letter-spacing: 0.5px;||    }||}||@media (max-width: 600px) {||    .titulo-proyectos .proyectos {||        font-size: 38px; ||        line-height: 1;||    }||}&#8221; global_colors_info=&#8221;{}&#8221; sticky_enabled=&#8221;0&#8243;]<\/p>\n<h2 class=\"titulo-proyectos\"><!-- [et_pb_line_break_holder] -->  Healthy Municipalities <!-- [et_pb_line_break_holder] --> and Communities (MCS)<!-- [et_pb_line_break_holder] --><\/h2>\n<p>[\/et_pb_code][\/et_pb_column][\/et_pb_row][\/et_pb_section][et_pb_section fb_built=&#8221;1&#8243; _builder_version=&#8221;4.16&#8243; _module_preset=&#8221;default&#8221; background_color=&#8221;#f8f8f8&#8243; global_colors_info=&#8221;{}&#8221;][et_pb_row _builder_version=&#8221;4.27.4&#8243; _module_preset=&#8221;default&#8221; width=&#8221;90%&#8221; custom_padding=&#8221;||50px||false|false&#8221; locked=&#8221;off&#8221; global_colors_info=&#8221;{}&#8221;][et_pb_column type=&#8221;4_4&#8243; _builder_version=&#8221;4.16&#8243; _module_preset=&#8221;default&#8221; global_colors_info=&#8221;{}&#8221;][et_pb_text _builder_version=&#8221;4.27.4&#8243; _module_preset=&#8221;default&#8221; text_font=&#8221;Poppins||||||||&#8221; text_font_size=&#8221;16px&#8221; hover_enabled=&#8221;0&#8243; global_colors_info=&#8221;{}&#8221; sticky_enabled=&#8221;0&#8243;]<\/p>\n<p class=\"cvGsUA direction-ltr align-start para-style-body\"><span class=\"a_GcMg font-feature-liga-off font-feature-clig-off font-feature-calt-off text-decoration-none text-strikethrough-none\">The Healthy Municipalities and Communities (MCS) project sought to enable families, leaders and local authorities in rural areas to improve their living conditions through self-care, community organisation and the promotion of healthy environments.<\/span><\/p>\n<p class=\"cvGsUA direction-ltr align-start para-style-body\"><span class=\"a_GcMg font-feature-liga-off font-feature-clig-off font-feature-calt-off text-decoration-none text-strikethrough-none\">She worked with a special emphasis on the health of girls, boys and women, promoting changes in the home, the community and the municipality.<\/span><\/p>\n<p>[\/et_pb_text][et_pb_text _builder_version=&#8221;4.27.4&#8243; _module_preset=&#8221;default&#8221; text_font=&#8221;Poppins||||||||&#8221; text_font_size=&#8221;16px&#8221; hover_enabled=&#8221;0&#8243; global_colors_info=&#8221;{}&#8221; sticky_enabled=&#8221;0&#8243;]<\/p>\n<h3 class=\"cvGsUA direction-ltr align-start para-style-body\"><strong><span class=\"a_GcMg font-feature-liga-off font-feature-clig-off font-feature-calt-off text-decoration-none text-strikethrough-none\">Scope and duration of the project<\/span><\/strong><\/h3>\n<p><span class=\"a_GcMg font-feature-liga-off font-feature-clig-off font-feature-calt-off text-decoration-none text-strikethrough-none\">Funding: United States Agency for International Development \u2013 USAID.<\/span><\/p>\n<p><strong><span class=\"a_GcMg font-feature-liga-off font-feature-clig-off font-feature-calt-off text-decoration-none text-strikethrough-none\">1. First stage (2006\u20132010)<\/span><\/strong><span class=\"a_GcMg font-feature-liga-off font-feature-clig-off font-feature-calt-off text-decoration-none text-strikethrough-none\"><\/span><\/p>\n<ul>\n<li>1,764 communities and neighbourhoods.<\/li>\n<li><span class=\"a_GcMg font-feature-liga-off font-feature-clig-off font-feature-calt-off text-decoration-none text-strikethrough-none\">153 districts in 13 regions of Peru: San Mart\u00edn, Ucayali, Hu\u00e1nuco, Ayacucho, Pasco, Cusco, Jun\u00edn, Huancavelica, Apur\u00edmac, Lima, Ica, La Libertad and \u00c1ncash.<\/span><\/li>\n<\/ul>\n<p><strong>2. Second stage (2010\u20132015):<\/strong><\/p>\n<ul>\n<li style=\"list-style-type: none\">\n<ul>\n<li style=\"list-style-type: none\">\n<ul>\n<li><span class=\"a_GcMg font-feature-liga-off font-feature-clig-off font-feature-calt-off text-decoration-none text-strikethrough-none\">176 communities.<\/span><\/li>\n<li><span class=\"a_GcMg font-feature-liga-off font-feature-clig-off font-feature-calt-off text-decoration-none text-strikethrough-none\">15 districts in Ucayali, San Mart\u00edn and Ayacucho.<\/span><\/li>\n<\/ul>\n<\/li>\n<\/ul>\n<\/li>\n<\/ul>\n<p class=\"cvGsUA direction-ltr align-start para-style-body\"><span class=\"a_GcMg font-feature-liga-off font-feature-clig-off font-feature-calt-off text-decoration-none text-strikethrough-none\">The communities involved were mainly mountain and jungle communities, with difficult geographical access, high poverty rates, poor water and sanitation services, and the presence of coca leaf crops.<\/span><\/p>\n<p>[\/et_pb_text][et_pb_image src=&#8221;https:\/\/mshperu.org\/wp-content\/uploads\/WhatsApp-Image-2024-06-09-at-7.22.56-PM.jpeg&#8221; _builder_version=&#8221;4.27.4&#8243; _module_preset=&#8221;default&#8221; title_text=&#8221;WhatsApp Image 2024-06-09 at 7.22.56 PM&#8221; hover_enabled=&#8221;0&#8243; sticky_enabled=&#8221;0&#8243; width=&#8221;100%&#8221; max_width=&#8221;100%&#8221; module_alignment=&#8221;center&#8221; min_height=&#8221;1000px&#8221; height=&#8221;1000px&#8221; max_height=&#8221;1000px&#8221;][\/et_pb_image][\/et_pb_column][\/et_pb_row][et_pb_row _builder_version=&#8221;4.27.4&#8243; _module_preset=&#8221;default&#8221; width=&#8221;90%&#8221; custom_padding=&#8221;||50px||false|false&#8221; locked=&#8221;off&#8221; global_colors_info=&#8221;{}&#8221;][et_pb_column type=&#8221;4_4&#8243; _builder_version=&#8221;4.16&#8243; _module_preset=&#8221;default&#8221; global_colors_info=&#8221;{}&#8221;][et_pb_heading title=&#8221;How do we work? MCS Methodology&#8221; _builder_version=&#8221;4.27.4&#8243; _module_preset=&#8221;default&#8221; title_level=&#8221;h2&#8243; title_font=&#8221;Poppins|800|||||||&#8221; title_text_align=&#8221;center&#8221; title_text_color=&#8221;#e36f1e&#8221; global_colors_info=&#8221;{}&#8221;][\/et_pb_heading][et_pb_text _builder_version=&#8221;4.27.4&#8243; _module_preset=&#8221;default&#8221; text_font=&#8221;Poppins||||||||&#8221; text_font_size=&#8221;16px&#8221; hover_enabled=&#8221;0&#8243; global_colors_info=&#8221;{}&#8221; sticky_enabled=&#8221;0&#8243; min_height=&#8221;651.2px&#8221;]<\/p>\n<p class=\"cvGsUA direction-ltr align-start para-style-body\"><span class=\"a_GcMg font-feature-liga-off font-feature-clig-off font-feature-calt-off text-decoration-none text-strikethrough-none\">The project was based on the Healthy Families, Communities and Municipalities methodology, with a participatory approach that respects local culture.<\/span><\/p>\n<p class=\"cvGsUA direction-ltr align-start para-style-body\"><span class=\"a_GcMg font-feature-liga-off font-feature-clig-off font-feature-calt-off text-decoration-none text-strikethrough-none\">The work was carried out in four phases:<\/span><\/p>\n<p class=\"cvGsUA direction-ltr align-start para-style-body\"><strong><span style=\"font-size: 16px\">1. Awareness raising and organisation<\/span><\/strong><\/p>\n<ul>\n<li><span class=\"a_GcMg font-feature-liga-off font-feature-clig-off font-feature-calt-off text-decoration-none text-strikethrough-none\">Families commit to becoming \u2018healthy families\u2019 and build their vision for change.<\/span><\/li>\n<li><span class=\"a_GcMg font-feature-liga-off font-feature-clig-off font-feature-calt-off text-decoration-none text-strikethrough-none\">At the community level, Community Neighbourhood Councils (JVC) are strengthened and a shared vision for development is defined.<\/span><\/li>\n<\/ul>\n<p><strong><span class=\"a_GcMg font-feature-liga-off font-feature-clig-off font-feature-calt-off text-decoration-none text-strikethrough-none\">2. Planning<\/span><\/strong><\/p>\n<ul>\n<li><span class=\"a_GcMg font-feature-liga-off font-feature-clig-off font-feature-calt-off text-decoration-none text-strikethrough-none\">Families conduct a self-assessment of their environment and health practices, and define commitments and rules for coexistence.<\/span><\/li>\n<li><span class=\"a_GcMg font-feature-liga-off font-feature-clig-off font-feature-calt-off text-decoration-none text-strikethrough-none\">The community draws up its communal diagnosis, the healthy practices monitoring form and its communal plan, prioritising simple and achievable actions.<\/span><\/li>\n<\/ul>\n<p><strong><span class=\"a_GcMg font-feature-liga-off font-feature-clig-off font-feature-calt-off text-decoration-none text-strikethrough-none\">3. Execution<\/span><\/strong><\/p>\n<ul>\n<li><span class=\"a_GcMg font-feature-liga-off font-feature-clig-off font-feature-calt-off text-decoration-none text-strikethrough-none\">Supporting families in implementing their commitments to change.<\/span><\/li>\n<li><span class=\"a_GcMg font-feature-liga-off font-feature-clig-off font-feature-calt-off text-decoration-none text-strikethrough-none\">Educational sessions, information campaigns, and technical assistance to the JVCs to implement the community plan, strengthening social cohesion.<\/span><\/li>\n<\/ul>\n<p><strong><span class=\"a_GcMg font-feature-liga-off font-feature-clig-off font-feature-calt-off text-decoration-none text-strikethrough-none\">4. Self-assessment and local management<\/span><\/strong><\/p>\n<ul>\n<li><span class=\"a_GcMg font-feature-liga-off font-feature-clig-off font-feature-calt-off text-decoration-none text-strikethrough-none\">Families review their progress and new challenges.<\/span><\/li>\n<li><span class=\"a_GcMg font-feature-liga-off font-feature-clig-off font-feature-calt-off text-decoration-none text-strikethrough-none\">The community evaluates achievements and challenges, reinforcing the role of the JVC.<\/span><\/li>\n<li><span class=\"a_GcMg font-feature-liga-off font-feature-clig-off font-feature-calt-off text-decoration-none text-strikethrough-none\">We work with local governments to integrate this information into their management (Concerted Development Plans and Participatory Budgeting), using the SISMUNI system, which organises community-based information.<\/span><\/li>\n<\/ul>\n<p class=\"cvGsUA direction-ltr align-start para-style-body\"><span class=\"a_GcMg font-feature-liga-off font-feature-clig-off font-feature-calt-off text-decoration-none text-strikethrough-none\">The methodology includes a toolkit for families, communities, and municipalities (guides, vision boards, assessments, plans, and communication materials such as radio spots and posters).<\/span><\/p>\n<p>[\/et_pb_text][et_pb_image src=&#8221;https:\/\/mshperu.org\/wp-content\/uploads\/WhatsApp-Image-2024-09-10-at-6.20.04-PM-2.jpeg&#8221; _builder_version=&#8221;4.27.4&#8243; _module_preset=&#8221;default&#8221; title_text=&#8221;WhatsApp Image 2024-09-10 at 6.20.04 PM (2)&#8221; hover_enabled=&#8221;0&#8243; sticky_enabled=&#8221;0&#8243;][\/et_pb_image][et_pb_heading title=&#8221;Results and impact&#8221; _builder_version=&#8221;4.27.4&#8243; _module_preset=&#8221;default&#8221; title_level=&#8221;h2&#8243; title_font=&#8221;Poppins|800|||||||&#8221; title_text_align=&#8221;center&#8221; title_text_color=&#8221;#e36f1e&#8221; hover_enabled=&#8221;0&#8243; global_colors_info=&#8221;{}&#8221; custom_margin=&#8221;50px|||||&#8221; sticky_enabled=&#8221;0&#8243;][\/et_pb_heading][et_pb_text _builder_version=&#8221;4.27.4&#8243; _module_preset=&#8221;default&#8221; text_font=&#8221;Poppins||||||||&#8221; text_font_size=&#8221;16px&#8221; hover_enabled=&#8221;0&#8243; global_colors_info=&#8221;{}&#8221; sticky_enabled=&#8221;0&#8243; min_height=&#8221;651.2px&#8221;]<\/p>\n<p data-start=\"300\" data-end=\"521\">Between 2006 and 2015, the <strong data-start=\"331\" data-end=\"376\">Healthy Municipalities and Communities (MCS)<\/strong> project supported more than <strong data-start=\"395\" data-end=\"424\">1,900 rural communities<\/strong> in <strong data-start=\"428\" data-end=\"452\">13 regions of Peru<\/strong>, improving health, community organisation and local management.<\/p>\n<p data-start=\"523\" data-end=\"567\"><strong data-start=\"523\" data-end=\"565\">Girls and boys with a better start in life<\/strong><\/p>\n<ul data-start=\"568\" data-end=\"1004\">\n<li data-start=\"568\" data-end=\"634\">\n<p data-start=\"570\" data-end=\"634\">Birth certificates for children under 2 years of age: from <strong data-start=\"618\" data-end=\"631\">69% to 84%<\/strong>.<\/p>\n<\/li>\n<li data-start=\"635\" data-end=\"699\">\n<p data-start=\"637\" data-end=\"699\">Children aged 0 to 23 months with national identity cards: from <strong data-start=\"679\" data-end=\"696\">24.7% to 51.7%<\/strong>.<\/p>\n<\/li>\n<li data-start=\"700\" data-end=\"769\">\n<p data-start=\"702\" data-end=\"769\">Chronic child malnutrition (0 to 23 months): from <strong data-start=\"751\" data-end=\"766\">16.8% to 15%<\/strong>.<\/p>\n<\/li>\n<li data-start=\"770\" data-end=\"1004\">\n<p data-start=\"772\" data-end=\"808\">More health checks and care:<\/p>\n<ul data-start=\"811\" data-end=\"1004\">\n<li data-start=\"811\" data-end=\"875\">\n<p data-start=\"813\" data-end=\"875\">CRED in children under 1 year of age: up to <strong data-start=\"845\" data-end=\"872\">+20 percentage points<\/strong>.<\/p>\n<\/li>\n<li data-start=\"878\" data-end=\"943\">\n<p data-start=\"880\" data-end=\"943\">Pregnant women with \u2265 6 prenatal check-ups: from <strong data-start=\"923\" data-end=\"940\">68.2% to 79.5%<\/strong>.<\/p>\n<\/li>\n<li data-start=\"946\" data-end=\"1004\">\n<p data-start=\"948\" data-end=\"1004\">Births in health facilities: from <strong data-start=\"988\" data-end=\"1001\">75% to 82%<\/strong>.<\/p>\n<\/li>\n<\/ul>\n<\/li>\n<\/ul>\n<p data-start=\"1006\" data-end=\"1052\"><strong data-start=\"1006\" data-end=\"1050\">Healthier homes with safe water<\/strong><\/p>\n<ul data-start=\"1053\" data-end=\"1343\">\n<li data-start=\"1053\" data-end=\"1197\">\n<p data-start=\"1055\" data-end=\"1117\"><strong data-start=\"1066\" data-end=\"1081\">Safe water <\/strong>consumption in children aged 6 to 23 months:<\/p>\n<ul data-start=\"1120\" data-end=\"1197\">\n<li data-start=\"1120\" data-end=\"1156\">\n<p data-start=\"1122\" data-end=\"1156\">First stage: from <strong data-start=\"1140\" data-end=\"1153\">27% \u2192 70%<\/strong>.<\/p>\n<\/li>\n<li data-start=\"1159\" data-end=\"1197\">\n<p data-start=\"1161\" data-end=\"1197\">Second stage: from <strong data-start=\"1179\" data-end=\"1194\">73% \u2192 81.3%.<\/strong><\/p>\n<\/li>\n<\/ul>\n<\/li>\n<li data-start=\"1198\" data-end=\"1263\">\n<p data-start=\"1200\" data-end=\"1263\">More children aged 6 to 23 months with \u2265 <strong data-start=\"1238\" data-end=\"1260\">5 meals per day.<\/strong><\/p>\n<\/li>\n<li data-start=\"1264\" data-end=\"1343\">\n<p data-start=\"1266\" data-end=\"1343\">Families with better hygiene, nutrition, and daily care practices.<\/p>\n<\/li>\n<\/ul>\n<p data-start=\"1345\" data-end=\"1405\"><strong data-start=\"1345\" data-end=\"1403\">More organised communities with greater social capital<\/strong><\/p>\n<ul data-start=\"1406\" data-end=\"1777\">\n<li data-start=\"1406\" data-end=\"1660\">\n<p data-start=\"1408\" data-end=\"1464\">Increase in <strong data-start=\"1423\" data-end=\"1441\">share capital<\/strong> in three dimensions:<\/p>\n<ul data-start=\"1467\" data-end=\"1660\">\n<li data-start=\"1467\" data-end=\"1537\">\n<p data-start=\"1469\" data-end=\"1537\"><strong data-start=\"1469\" data-end=\"1490\">Social trust: <\/strong>improvement of up to <strong data-start=\"1507\" data-end=\"1534\">+86 percentage points<\/strong>.<\/p>\n<\/li>\n<li data-start=\"1540\" data-end=\"1600\">\n<p data-start=\"1542\" data-end=\"1600\"><strong data-start=\"1542\" data-end=\"1570\">Sentido de colectividad:<\/strong> de aprox. <strong data-start=\"1581\" data-end=\"1597\">23% \u2192 44\u201362%<\/strong>.<\/p>\n<\/li>\n<li data-start=\"1603\" data-end=\"1660\">\n<p data-start=\"1605\" data-end=\"1660\"><strong data-start=\"1605\" data-end=\"1628\">Collective efficacy: <\/strong>from approx. <strong data-start=\"1639\" data-end=\"1657\">10.8% \u2192 40\u201344%.<\/strong><\/p>\n<\/li>\n<\/ul>\n<\/li>\n<li data-start=\"1661\" data-end=\"1777\">\n<p data-start=\"1663\" data-end=\"1777\"><strong data-start=\"1663\" data-end=\"1693\">Stronger community neighbourhood <\/strong>councils recognised as key players in local development management.<\/p>\n<\/li>\n<\/ul>\n<p data-start=\"1779\" data-end=\"1839\"><strong data-start=\"1779\" data-end=\"1837\">Better local management with information from the community<\/strong><\/p>\n<ul data-start=\"1840\" data-end=\"2209\">\n<li data-start=\"1840\" data-end=\"2065\">\n<p data-start=\"1842\" data-end=\"1932\">Implementation of the <strong data-start=\"1869\" data-end=\"1880\">SISMUNI<\/strong> system, which integrates information from communities for:<\/p>\n<ul data-start=\"1935\" data-end=\"2065\">\n<li data-start=\"1935\" data-end=\"1987\">\n<p data-start=\"1937\" data-end=\"1987\">Update the Agreed Development Plan.<\/p>\n<\/li>\n<li data-start=\"1990\" data-end=\"2065\">\n<p data-start=\"1992\" data-end=\"2065\">Focus the <strong data-start=\"2004\" data-end=\"2033\">Participatory Budget<\/strong> on real needs.<\/p>\n<\/li>\n<\/ul>\n<\/li>\n<li data-start=\"2066\" data-end=\"2209\">\n<p data-start=\"2068\" data-end=\"2209\">Methodology and <strong data-start=\"2082\" data-end=\"2106\">toolkit<\/strong> (healthy family, community and municipality) ready to be used and replicated by local governments.<\/p>\n<\/li>\n<\/ul>\n<p>[\/et_pb_text][\/et_pb_column][\/et_pb_row][\/et_pb_section]<\/p>\n","protected":false},"excerpt":{"rendered":"<p>The Healthy Municipalities and Communities (MCS) project sought to enable families, leaders and local authorities in rural areas to improve their living conditions through self-care, community organisation and the promotion of healthy environments. She worked with a special emphasis on the health of girls, boys and women, promoting changes in the home, the community and [&hellip;]<\/p>\n","protected":false},"author":1,"featured_media":0,"parent":0,"menu_order":0,"comment_status":"closed","ping_status":"closed","template":"","meta":{"_et_pb_use_builder":"on","_et_pb_old_content":"","_et_gb_content_width":"","footnotes":""},"class_list":["post-1090416","page","type-page","status-publish","hentry"],"_links":{"self":[{"href":"https:\/\/mshperu.org\/en\/wp-json\/wp\/v2\/pages\/1090416","targetHints":{"allow":["GET"]}}],"collection":[{"href":"https:\/\/mshperu.org\/en\/wp-json\/wp\/v2\/pages"}],"about":[{"href":"https:\/\/mshperu.org\/en\/wp-json\/wp\/v2\/types\/page"}],"author":[{"embeddable":true,"href":"https:\/\/mshperu.org\/en\/wp-json\/wp\/v2\/users\/1"}],"replies":[{"embeddable":true,"href":"https:\/\/mshperu.org\/en\/wp-json\/wp\/v2\/comments?post=1090416"}],"version-history":[{"count":0,"href":"https:\/\/mshperu.org\/en\/wp-json\/wp\/v2\/pages\/1090416\/revisions"}],"wp:attachment":[{"href":"https:\/\/mshperu.org\/en\/wp-json\/wp\/v2\/media?parent=1090416"}],"curies":[{"name":"wp","href":"https:\/\/api.w.org\/{rel}","templated":true}]}}